{"id":33,"date":"2021-01-16T17:49:14","date_gmt":"2021-01-16T17:49:14","guid":{"rendered":"http:\/\/www.zahradybv.cz\/?page_id=33"},"modified":"2021-01-20T15:24:45","modified_gmt":"2021-01-20T15:24:45","slug":"kontakt","status":"publish","type":"page","link":"https:\/\/www.zahradybv.cz\/index.php\/kontakt\/","title":{"rendered":"Kontakt"},"content":{"rendered":"\n<figure class=\"wp-block-image size-large\"><img loading=\"lazy\" decoding=\"async\" width=\"110\" height=\"78\" src=\"https:\/\/www.zahradybv.cz\/wp-content\/uploads\/2021\/01\/ZAHRADY-BV-leaf_110.png\" alt=\"\" class=\"wp-image-123\"\/><\/figure>\n\n\n\n<p><strong>ZAHRADY BV s.r.o.<\/strong><br>M\u011b\u0161ick\u00e1 419<br>250 65 L\u00edbeznice<\/p>\n\n\n\n<p>e-mail: info@zahradybv.cz<br>tel.: +420 608 867 688<br>  <\/p>\n\n\n\n<figure class=\"wp-block-image size-large is-resized\"><a href=\"https:\/\/www.instagram.com\/zahrady_bv\/\"><img loading=\"lazy\" decoding=\"async\" src=\"https:\/\/www.zahradybv.cz\/wp-content\/uploads\/2021\/01\/3721672-instagram_108066-1.png\" alt=\"\" class=\"wp-image-126\" width=\"66\" height=\"66\" srcset=\"https:\/\/www.zahradybv.cz\/wp-content\/uploads\/2021\/01\/3721672-instagram_108066-1.png 96w, https:\/\/www.zahradybv.cz\/wp-content\/uploads\/2021\/01\/3721672-instagram_108066-1-70x70.png 70w\" sizes=\"(max-width: 66px) 100vw, 66px\" \/><\/a><\/figure>\n\n\n\n<figure class=\"wp-block-image size-large is-resized\"><img loading=\"lazy\" decoding=\"async\" src=\"https:\/\/www.zahradybv.cz\/wp-content\/uploads\/2021\/01\/3721668-facebook-flat_108056.png\" alt=\"\" class=\"wp-image-127\" width=\"66\" height=\"66\" srcset=\"https:\/\/www.zahradybv.cz\/wp-content\/uploads\/2021\/01\/3721668-facebook-flat_108056.png 96w, https:\/\/www.zahradybv.cz\/wp-content\/uploads\/2021\/01\/3721668-facebook-flat_108056-70x70.png 70w\" sizes=\"(max-width: 66px) 100vw, 66px\" \/><\/figure>\n\n\n\n<iframe loading=\"lazy\" src=\"https:\/\/www.google.com\/maps\/embed?pb=!1m18!1m12!1m3!1d2554.1493394159!2d14.496257316091725!3d50.19573941356566!2m3!1f0!2f0!3f0!3m2!1i1024!2i768!4f13.1!3m3!1m2!1s0x470be92a716336f3%3A0x2051a2bf4956cae2!2sZahrady%20BV!5e0!3m2!1scs!2scz!4v1610819321650!5m2!1scs!2scz\" width=\"600\" height=\"450\" frameborder=\"0\" style=\"border:0;\" allowfullscreen=\"\" aria-hidden=\"false\" tabindex=\"0\"><\/iframe>\n\n\n\n<p>Kontaktujte n\u00e1s:<br><\/p>\n\n\n\n<div class=\"wp-block-contact-form-7-contact-form-selector\"><div role=\"form\" class=\"wpcf7\" id=\"wpcf7-f168-o1\" lang=\"cs-CZ\" dir=\"ltr\">\n<div class=\"screen-reader-response\"><p role=\"status\" aria-live=\"polite\" aria-atomic=\"true\"><\/p> <ul><\/ul><\/div>\n<form action=\"\/index.php\/wp-json\/wp\/v2\/pages\/33#wpcf7-f168-o1\" method=\"post\" class=\"wpcf7-form init\" novalidate=\"novalidate\" data-status=\"init\">\n<div style=\"display: none;\">\n<input type=\"hidden\" name=\"_wpcf7\" value=\"168\" \/>\n<input type=\"hidden\" name=\"_wpcf7_version\" value=\"5.5.6.1\" \/>\n<input type=\"hidden\" name=\"_wpcf7_locale\" value=\"cs_CZ\" \/>\n<input type=\"hidden\" name=\"_wpcf7_unit_tag\" value=\"wpcf7-f168-o1\" \/>\n<input type=\"hidden\" name=\"_wpcf7_container_post\" value=\"0\" \/>\n<input type=\"hidden\" name=\"_wpcf7_posted_data_hash\" value=\"\" \/>\n<\/div>\n<p><label> Va\u0161e jm\u00e9no<br \/>\n    <span class=\"wpcf7-form-control-wrap your-name\"><input type=\"text\" name=\"your-name\" value=\"\" size=\"40\" class=\"wpcf7-form-control wpcf7-text wpcf7-validates-as-required\" aria-required=\"true\" aria-invalid=\"false\" \/><\/span> <\/label><\/p>\n<p><label> telefon<br \/>\n    <span class=\"wpcf7-form-control-wrap your-email\"><input type=\"email\" name=\"your-email\" value=\"\" size=\"40\" class=\"wpcf7-form-control wpcf7-text wpcf7-email wpcf7-validates-as-required wpcf7-validates-as-email\" aria-required=\"true\" aria-invalid=\"false\" \/><\/span> <\/label><br \/>\n<label> email<br \/>\n    <span class=\"wpcf7-form-control-wrap telefon\"><input type=\"tel\" name=\"telefon\" value=\"\" size=\"40\" class=\"wpcf7-form-control wpcf7-text wpcf7-tel wpcf7-validates-as-tel\" aria-invalid=\"false\" \/><\/span> <\/label><\/p>\n<p><label> Va\u0161e zpr\u00e1va<br \/>\n    <span class=\"wpcf7-form-control-wrap your-message\"><textarea name=\"your-message\" cols=\"40\" rows=\"10\" class=\"wpcf7-form-control wpcf7-textarea\" aria-invalid=\"false\"><\/textarea><\/span> <\/label><\/p>\n<p><input type=\"submit\" value=\"Odeslat\" class=\"wpcf7-form-control has-spinner wpcf7-submit\" \/><\/p>\n<p style=\"display: none !important;\" class=\"akismet-fields-container\" data-prefix=\"_wpcf7_ak_\"><label>&#916;<textarea name=\"_wpcf7_ak_hp_textarea\" cols=\"45\" rows=\"8\" maxlength=\"100\"><\/textarea><\/label><input type=\"hidden\" id=\"ak_js_1\" name=\"_wpcf7_ak_js\" value=\"93\"\/><script type=\"text\/javascript\">\n\/* <![CDATA[ *\/\ndocument.getElementById( \"ak_js_1\" ).setAttribute( \"value\", ( new Date() ).getTime() );\n\/* ]]> *\/\n<\/script>\n<\/p><div class=\"wpcf7-response-output\" aria-hidden=\"true\"><\/div><\/form><\/div><\/div>\n","protected":false},"excerpt":{"rendered":"<p>ZAHRADY BV s.r.o.M\u011b\u0161ick\u00e1 419250 65 L\u00edbeznice e-mail: info@zahradybv.cztel.: +420 608 867 688 Kontaktujte n\u00e1s:<\/p>\n","protected":false},"author":1,"featured_media":0,"parent":0,"menu_order":0,"comment_status":"closed","ping_status":"closed","template":"","meta":{"footnotes":""},"_links":{"self":[{"href":"https:\/\/www.zahradybv.cz\/index.php\/wp-json\/wp\/v2\/pages\/33"}],"collection":[{"href":"https:\/\/www.zahradybv.cz\/index.php\/wp-json\/wp\/v2\/pages"}],"about":[{"href":"https:\/\/www.zahradybv.cz\/index.php\/wp-json\/wp\/v2\/types\/page"}],"author":[{"embeddable":true,"href":"https:\/\/www.zahradybv.cz\/index.php\/wp-json\/wp\/v2\/users\/1"}],"replies":[{"embeddable":true,"href":"https:\/\/www.zahradybv.cz\/index.php\/wp-json\/wp\/v2\/comments?post=33"}],"version-history":[{"count":15,"href":"https:\/\/www.zahradybv.cz\/index.php\/wp-json\/wp\/v2\/pages\/33\/revisions"}],"predecessor-version":[{"id":174,"href":"https:\/\/www.zahradybv.cz\/index.php\/wp-json\/wp\/v2\/pages\/33\/revisions\/174"}],"wp:attachment":[{"href":"https:\/\/www.zahradybv.cz\/index.php\/wp-json\/wp\/v2\/media?parent=33"}],"curies":[{"name":"wp","href":"https:\/\/api.w.org\/{rel}","templated":true}]}}