{"id":26,"date":"2021-01-16T15:59:01","date_gmt":"2021-01-16T15:59:01","guid":{"rendered":"http:\/\/www.zahradybv.cz\/?page_id=26"},"modified":"2021-01-16T21:55:44","modified_gmt":"2021-01-16T21:55:44","slug":"o-nas","status":"publish","type":"page","link":"https:\/\/www.zahradybv.cz\/index.php\/o-nas\/","title":{"rendered":"O n\u00e1s"},"content":{"rendered":"\n<p>Projekty a konzultace<\/p>\n\n\n\n<p>Realizace<\/p>\n\n\n\n<p>Automatick\u00e9 z\u00e1vlahy<\/p>\n\n\n\n<p>Vodn\u00ed plochy<\/p>\n\n\n\n<p>Truhl\u00e1\u0159sk\u00e9 a zednick\u00e9 pr\u00e1ce<\/p>\n\n\n\n<p>N\u00e1sledn\u00e1 p\u00e9\u010de o zahrady<\/p>\n","protected":false},"excerpt":{"rendered":"<p>Projekty a konzultace Realizace Automatick\u00e9 z\u00e1vlahy Vodn\u00ed plochy Truhl\u00e1\u0159sk\u00e9 a zednick\u00e9 pr\u00e1ce N\u00e1sledn\u00e1 p\u00e9\u010de o zahrady<\/p>\n","protected":false},"author":1,"featured_media":58,"parent":0,"menu_order":0,"comment_status":"closed","ping_status":"closed","template":"","meta":{"footnotes":""},"_links":{"self":[{"href":"https:\/\/www.zahradybv.cz\/index.php\/wp-json\/wp\/v2\/pages\/26"}],"collection":[{"href":"https:\/\/www.zahradybv.cz\/index.php\/wp-json\/wp\/v2\/pages"}],"about":[{"href":"https:\/\/www.zahradybv.cz\/index.php\/wp-json\/wp\/v2\/types\/page"}],"author":[{"embeddable":true,"href":"https:\/\/www.zahradybv.cz\/index.php\/wp-json\/wp\/v2\/users\/1"}],"replies":[{"embeddable":true,"href":"https:\/\/www.zahradybv.cz\/index.php\/wp-json\/wp\/v2\/comments?post=26"}],"version-history":[{"count":2,"href":"https:\/\/www.zahradybv.cz\/index.php\/wp-json\/wp\/v2\/pages\/26\/revisions"}],"predecessor-version":[{"id":29,"href":"https:\/\/www.zahradybv.cz\/index.php\/wp-json\/wp\/v2\/pages\/26\/revisions\/29"}],"wp:featuredmedia":[{"embeddable":true,"href":"https:\/\/www.zahradybv.cz\/index.php\/wp-json\/wp\/v2\/media\/58"}],"wp:attachment":[{"href":"https:\/\/www.zahradybv.cz\/index.php\/wp-json\/wp\/v2\/media?parent=26"}],"curies":[{"name":"wp","href":"https:\/\/api.w.org\/{rel}","templated":true}]}}