{"id":147,"date":"2021-01-20T14:19:14","date_gmt":"2021-01-20T14:19:14","guid":{"rendered":"http:\/\/www.zahradybv.cz\/?page_id=147"},"modified":"2021-01-20T14:19:14","modified_gmt":"2021-01-20T14:19:14","slug":"stavime","status":"publish","type":"page","link":"https:\/\/www.zahradybv.cz\/index.php\/o-nas\/stavime\/","title":{"rendered":"Stav\u00edme"},"content":{"rendered":"\n<p>K\u00a0zahrad\u011b neodmysliteln\u011b pat\u0159\u00ed i lehk\u00e9 stavebn\u00ed prvky ze d\u0159eva, betonu, p\u0159\u00edrodn\u00edho kamene \u010di jin\u00fdch n\u00e1m bl\u00edzk\u00fdch materi\u00e1l\u016f. R\u00e1di V\u00e1m na zahrad\u011b vytvo\u0159\u00edme d\u0159ev\u011bn\u00e9 prvky, kter\u00e9 zahrnuj\u00ed terasy, pergoly, zahradn\u00ed dome\u010dky, zeleninov\u00e9 z\u00e1hony a jin\u00e9 n\u00e1padit\u00e9 kousky. S\u00a0betonem a p\u0159\u00edrodn\u00edm kamenem pracujeme, kdy\u017e vytv\u00e1\u0159\u00edme cesty, parkovac\u00ed st\u00e1n\u00ed, vodn\u00ed plochy, z\u00eddky \u010di jin\u00e9 designov\u00e9 prvky, kter\u00e9 jsme V\u00e1m navrhli k\u00a0dokonalosti zahrady. Tak\u00e9 se zab\u00fdv\u00e1me stavbou exteri\u00e9rov\u00fdch a interi\u00e9rov\u00fdch vertik\u00e1ln\u00edch st\u011bn, kter\u00e9 jsou nenahraditeln\u00fdm modern\u00edm prvkem, je\u017e o\u017eiv\u00ed velk\u00e9 nevyu\u017eit\u00e9 plochy. Navrhneme V\u00e1m a osad\u00edme osv\u011btlen\u00ed cel\u00e9 zahrady a slad\u00edme pop\u0159\u00edpad\u011b i s\u00a0osv\u011btlen\u00edm domu. Stavebn\u00ed prvky a detaily, na kter\u00e9 klademe d\u016fraz, podtrhnou dokonalost a jedine\u010dnost Va\u0161\u00ed zahrady.<\/p>\n","protected":false},"excerpt":{"rendered":"<p>K\u00a0zahrad\u011b neodmysliteln\u011b pat\u0159\u00ed i lehk\u00e9 stavebn\u00ed prvky ze d\u0159eva, betonu, p\u0159\u00edrodn\u00edho kamene \u010di jin\u00fdch n\u00e1m bl\u00edzk\u00fdch materi\u00e1l\u016f. R\u00e1di V\u00e1m na zahrad\u011b vytvo\u0159\u00edme d\u0159ev\u011bn\u00e9 prvky, kter\u00e9 zahrnuj\u00ed terasy, pergoly, zahradn\u00ed dome\u010dky,<\/p>\n<p>\n                <span class=\"glyphicon glyphicon-arrow-right\"><a title=\"Continue reading\" href=\"https:\/\/www.zahradybv.cz\/index.php\/o-nas\/stavime\/\">Continue reading<\/a><\/span><\/p>\n","protected":false},"author":1,"featured_media":0,"parent":26,"menu_order":0,"comment_status":"closed","ping_status":"closed","template":"","meta":{"footnotes":""},"_links":{"self":[{"href":"https:\/\/www.zahradybv.cz\/index.php\/wp-json\/wp\/v2\/pages\/147"}],"collection":[{"href":"https:\/\/www.zahradybv.cz\/index.php\/wp-json\/wp\/v2\/pages"}],"about":[{"href":"https:\/\/www.zahradybv.cz\/index.php\/wp-json\/wp\/v2\/types\/page"}],"author":[{"embeddable":true,"href":"https:\/\/www.zahradybv.cz\/index.php\/wp-json\/wp\/v2\/users\/1"}],"replies":[{"embeddable":true,"href":"https:\/\/www.zahradybv.cz\/index.php\/wp-json\/wp\/v2\/comments?post=147"}],"version-history":[{"count":1,"href":"https:\/\/www.zahradybv.cz\/index.php\/wp-json\/wp\/v2\/pages\/147\/revisions"}],"predecessor-version":[{"id":148,"href":"https:\/\/www.zahradybv.cz\/index.php\/wp-json\/wp\/v2\/pages\/147\/revisions\/148"}],"up":[{"embeddable":true,"href":"https:\/\/www.zahradybv.cz\/index.php\/wp-json\/wp\/v2\/pages\/26"}],"wp:attachment":[{"href":"https:\/\/www.zahradybv.cz\/index.php\/wp-json\/wp\/v2\/media?parent=147"}],"curies":[{"name":"wp","href":"https:\/\/api.w.org\/{rel}","templated":true}]}}