{"id":141,"date":"2021-01-20T14:16:55","date_gmt":"2021-01-20T14:16:55","guid":{"rendered":"http:\/\/www.zahradybv.cz\/?page_id=141"},"modified":"2021-01-20T14:16:55","modified_gmt":"2021-01-20T14:16:55","slug":"projektujeme","status":"publish","type":"page","link":"https:\/\/www.zahradybv.cz\/index.php\/o-nas\/projektujeme\/","title":{"rendered":"Projektujeme"},"content":{"rendered":"\n<p>Abychom mohli vytvo\u0159it projekt, kter\u00fd V\u00e1s dovede k\u00a0vysn\u011bn\u00e9 zahrad\u011b, prvn\u00edm \u00fakolem je spole\u010dn\u00e1 konzultace. Prvn\u00ed konzultace se v\u011bt\u0161inou odehr\u00e1v\u00e1 na pozemku budouc\u00ed zahrady, abychom si dok\u00e1zali pop\u0159\u00edpad\u011b hned zahradu zam\u011b\u0159it a hlav\u011b zjistili, jak\u00e9 po\u017eadavky na svoji budouc\u00ed zahradu investo\u0159i maj\u00ed. V\u00a0t\u00e9to chv\u00edli se sna\u017e\u00edme b\u00fdt co nejlep\u0161\u00edm r\u00e1dcem pro investory, ale z\u00e1rove\u0148 naslouch\u00e1me po\u017eadavk\u016fm, abychom na konci konzultace souzn\u011bli. Projektovou dokumentaci vytvo\u0159\u00edme dle po\u017eadavk\u016f investora, na n\u011bm p\u0159edev\u0161\u00edm z\u00e1le\u017e\u00ed, jak bude rozs\u00e1hla a propracovan\u00e1. Druh\u00e1 konzultace je zam\u011b\u0159en\u00e1 na projedn\u00e1n\u00ed navrhnut\u00e9 situace a \u0159e\u0161en\u00ed zahrady, kde se dola\u010fuj\u00ed detaily navr\u017een\u00e9 zahrady. T\u0159et\u00ed konzultace je ji\u017e t\u0159e\u0161ni\u010dkou na dortu, kdy investor p\u0159eb\u00edr\u00e1 hotov\u00fd projekt sv\u00e9 vysn\u011bn\u00e9 zahrady a m\u016f\u017ee se n\u00e1sledn\u011b zab\u00fdvat ji\u017e samotnou realizac\u00ed.<\/p>\n","protected":false},"excerpt":{"rendered":"<p>Abychom mohli vytvo\u0159it projekt, kter\u00fd V\u00e1s dovede k\u00a0vysn\u011bn\u00e9 zahrad\u011b, prvn\u00edm \u00fakolem je spole\u010dn\u00e1 konzultace. Prvn\u00ed konzultace se v\u011bt\u0161inou odehr\u00e1v\u00e1 na pozemku budouc\u00ed zahrady, abychom si dok\u00e1zali pop\u0159\u00edpad\u011b hned zahradu zam\u011b\u0159it<\/p>\n<p>\n                <span class=\"glyphicon glyphicon-arrow-right\"><a title=\"Continue reading\" href=\"https:\/\/www.zahradybv.cz\/index.php\/o-nas\/projektujeme\/\">Continue reading<\/a><\/span><\/p>\n","protected":false},"author":1,"featured_media":0,"parent":26,"menu_order":0,"comment_status":"closed","ping_status":"closed","template":"","meta":{"footnotes":""},"_links":{"self":[{"href":"https:\/\/www.zahradybv.cz\/index.php\/wp-json\/wp\/v2\/pages\/141"}],"collection":[{"href":"https:\/\/www.zahradybv.cz\/index.php\/wp-json\/wp\/v2\/pages"}],"about":[{"href":"https:\/\/www.zahradybv.cz\/index.php\/wp-json\/wp\/v2\/types\/page"}],"author":[{"embeddable":true,"href":"https:\/\/www.zahradybv.cz\/index.php\/wp-json\/wp\/v2\/users\/1"}],"replies":[{"embeddable":true,"href":"https:\/\/www.zahradybv.cz\/index.php\/wp-json\/wp\/v2\/comments?post=141"}],"version-history":[{"count":1,"href":"https:\/\/www.zahradybv.cz\/index.php\/wp-json\/wp\/v2\/pages\/141\/revisions"}],"predecessor-version":[{"id":142,"href":"https:\/\/www.zahradybv.cz\/index.php\/wp-json\/wp\/v2\/pages\/141\/revisions\/142"}],"up":[{"embeddable":true,"href":"https:\/\/www.zahradybv.cz\/index.php\/wp-json\/wp\/v2\/pages\/26"}],"wp:attachment":[{"href":"https:\/\/www.zahradybv.cz\/index.php\/wp-json\/wp\/v2\/media?parent=141"}],"curies":[{"name":"wp","href":"https:\/\/api.w.org\/{rel}","templated":true}]}}